{"id":9171,"date":"2023-02-17T14:50:18","date_gmt":"2023-02-17T14:50:18","guid":{"rendered":"http:\/\/cpsscba.org\/confluenciasvirtual\/?page_id=9171"},"modified":"2023-02-24T20:00:34","modified_gmt":"2023-02-24T20:00:34","slug":"espacio-de-promocion-e-inclusion-laboral","status":"publish","type":"page","link":"https:\/\/cpsscba.org\/confluenciasvirtual\/?page_id=9171","title":{"rendered":"Espacio de promoci\u00f3n e inclusi\u00f3n laboral"},"content":{"rendered":"\n<p><strong>Informaci\u00f3n sobre el \u201cEspacio de promoci\u00f3n e inclusi\u00f3n laboral\u201d 2023&nbsp;<\/strong><\/p>\n\n\n\n<p><strong>PARA MATRICULADXS&nbsp;<\/strong><\/p>\n\n\n\n<p><strong>Formulario 2023 para conformar la Base Social<\/strong><strong> <\/strong>del \u201cEspacio de promoci\u00f3n e inclusi\u00f3n laboral\u201d.&nbsp;<\/p>\n\n\n\n<p>A partir de febrero comenzamos a implementar un <strong>nuevo formulario<\/strong><strong> <\/strong>de inscripci\u00f3n, para matriculadxs que deseen estar disponibles en convocatorias y solicitudes de perfiles que se realicen al CPSSPC.&nbsp;<\/p>\n\n\n\n<p>Para inscribirse ingrese al siguiente enlace: <a href=\"https:\/\/forms.gle\/nQAxuhS4NjCsHEco8\" target=\"_blank\" rel=\"noreferrer noopener\" aria-label=\"https:\/\/forms.gle\/nQAxuhS4NjCsHEco8&nbsp; (abre en una nueva pesta\u00f1a)\">https:\/\/forms.gle\/nQAxuhS4NjCsHEco8&nbsp;<\/a><\/p>\n\n\n\n<p><strong>Aclaraciones del funcionamiento:&nbsp;<\/strong><\/p>\n\n\n\n<p>&#8211; El presente formulario corresponde a todas las delegaciones y subsedes del CPSSPC.&nbsp;<\/p>\n\n\n\n<p>&#8211; Toda persona que se inscribe aprueba que enviemos sus datos a posibles empleadores.&nbsp;<\/p>\n\n\n\n<p>&#8211; Ser\u00e1n tenidos en cuenta perfiles profesionales acordes a la demanda y con matr\u00edcula profesional al d\u00eda.&nbsp;<\/p>\n\n\n\n<p>&#8211; La selecci\u00f3n de profesionales la realiza la organizaci\u00f3n o instituci\u00f3n empleadora. &#8211; En caso de querer darse de baja, es necesario informar mediante correo electr\u00f3nico. &#8211; Para realizar consultas comunicarse a <strong>bolsadempleots@gmail.com<\/strong><\/p>\n\n\n\n<p><strong>PARA ORGANIZACIONES Y\/O INSTITUCIONES QUE DEMANDEN LIC. EN TRABAJO SOCIAL&nbsp;<\/strong><\/p>\n\n\n\n<p>A partir de febrero 2023, comenzamos a implementar un <strong>formulario de solicitud de perfiles para organizaciones e instituciones <\/strong>que solicitan perfiles profesionales al CPSSPC. En caso de coordinar o gestionar una organizaci\u00f3n o instituci\u00f3n que requiera de Trabajadores Sociales, completar el siguiente formulario: <a href=\"https:\/\/forms.gle\/M64uAo4UDX1R1eaQ7\" target=\"_blank\" rel=\"noreferrer noopener\" aria-label=\" (abre en una nueva pesta\u00f1a)\">https:\/\/forms.gle\/M64uAo4UDX1R1eaQ7&nbsp;<\/a><\/p>\n\n\n\n<p>El mismo permite realizar demanda de perfiles profesionales que se encuentran matriculadxs, al d\u00eda y con caracter\u00edsticas que cada puesto laboral lo requiera.&nbsp;<\/p>\n\n\n\n<p><strong>Aclaraciones del funcionamiento:&nbsp;<\/strong><\/p>\n\n\n\n<p>&#8211; El presente formulario es gestionado por todas las delegaciones y subsedes del CPSSPC, corresponde a demanda de Lic. en Trabajo Social de la Provincia de C\u00f3rdoba.&nbsp;<\/p>\n\n\n\n<p>&#8211; Se informar\u00e1 a las organizaciones inscriptas, el marco normativo que regula el ejercicio profesional, incumbencias y valor hora, honorarios seg\u00fan nomenclador de prestaciones profesionales.&nbsp;<\/p>\n\n\n\n<p>&#8211; Se podr\u00e1n proponer convenios, articulaciones entre la organizaci\u00f3n y el CPSSPC. A fines de generar capacitaciones, asesoramientos, supervisi\u00f3n, dise\u00f1o, monitoreo\/ seguimiento, evaluaci\u00f3n de proyectos institucionales.&nbsp;&#8211; Para realizar consultas comunicarse a <strong>bolsadempleots@gmail.com<\/strong><\/p>\n","protected":false},"excerpt":{"rendered":"<p>Informaci\u00f3n sobre el \u201cEspacio de promoci\u00f3n e inclusi\u00f3n laboral\u201d 2023&nbsp; PARA MATRICULADXS&nbsp; Formulario 2023 para conformar la Base Social del<\/p>\n","protected":false},"author":1,"featured_media":9218,"parent":0,"menu_order":0,"comment_status":"closed","ping_status":"closed","template":"","meta":{"footnotes":""},"_links":{"self":[{"href":"https:\/\/cpsscba.org\/confluenciasvirtual\/index.php?rest_route=\/wp\/v2\/pages\/9171"}],"collection":[{"href":"https:\/\/cpsscba.org\/confluenciasvirtual\/index.php?rest_route=\/wp\/v2\/pages"}],"about":[{"href":"https:\/\/cpsscba.org\/confluenciasvirtual\/index.php?rest_route=\/wp\/v2\/types\/page"}],"author":[{"embeddable":true,"href":"https:\/\/cpsscba.org\/confluenciasvirtual\/index.php?rest_route=\/wp\/v2\/users\/1"}],"replies":[{"embeddable":true,"href":"https:\/\/cpsscba.org\/confluenciasvirtual\/index.php?rest_route=%2Fwp%2Fv2%2Fcomments&post=9171"}],"version-history":[{"count":3,"href":"https:\/\/cpsscba.org\/confluenciasvirtual\/index.php?rest_route=\/wp\/v2\/pages\/9171\/revisions"}],"predecessor-version":[{"id":9219,"href":"https:\/\/cpsscba.org\/confluenciasvirtual\/index.php?rest_route=\/wp\/v2\/pages\/9171\/revisions\/9219"}],"wp:featuredmedia":[{"embeddable":true,"href":"https:\/\/cpsscba.org\/confluenciasvirtual\/index.php?rest_route=\/wp\/v2\/media\/9218"}],"wp:attachment":[{"href":"https:\/\/cpsscba.org\/confluenciasvirtual\/index.php?rest_route=%2Fwp%2Fv2%2Fmedia&parent=9171"}],"curies":[{"name":"wp","href":"https:\/\/api.w.org\/{rel}","templated":true}]}}