{"id":5259,"date":"2017-03-10T15:21:02","date_gmt":"2017-03-10T15:21:02","guid":{"rendered":"http:\/\/cpsscba.org\/confluenciasvirtual\/?page_id=5259"},"modified":"2017-03-10T19:07:27","modified_gmt":"2017-03-10T19:07:27","slug":"contactanos","status":"publish","type":"page","link":"https:\/\/cpsscba.org\/confluenciasvirtual\/?page_id=5259","title":{"rendered":"Contactanos"},"content":{"rendered":"<p style=\"text-align: center;\"><form id=\"form-1159\" name=\"form-1159\" class=\"wp_form\" enctype=\"multipart\/form-data\" action=\"http:\/\/cpsscba.org\/confluenciasvirtual\/wp-admin\/admin-ajax.php\" method=\"post\">\n\t<fieldset>\n\t\t<ul class=\"wp_form\">\n\t\t\tCont\u00e1ctese con nosotros a trav\u00e9s de este formulario.<li>\n<label for=\"elm_501addeb7a3b9\"> <\/label>\n<input type=\"text\" id=\"elm_501addeb7a3b9\" class=\"medium\" name=\"elm_501addeb7a3b9\" value=\"Asunto\" validate=\"required:false\" \/>\n<\/li><li>\n<label for=\"elm_501addfe3bbb3_fn\">Sus Datos <\/label>\n\n<div class=\"group\">\n\n<table cellspacing=\"0\" border=\"0\">\n\t<tr>\n\t\t<td><label for=\"elm_501addfe3bbb3_fn\" class=\"large\"><\/label><\/td>\n\t\t<td><label for=\"elm_501addfe3bbb3_ln\" class=\"large\"><\/label><\/td>\n\t<\/tr>\n\t<tr>\n\t\t<td><input type=\"text\" id=\"elm_501addfe3bbb3_fn\" class=\"large\" name=\"elm_501addfe3bbb3[]\" value=\"Nombre\" minlength=\"2\" validate=\"minlength:2, required:false\" \/><\/td>\n\t\t<td><input type=\"text\" id=\"elm_501addfe3bbb3_ln\" class=\"large\" name=\"elm_501addfe3bbb3[]\" value=\"Apellido\" minlength=\"2\" validate=\"minlength:2, required:false\" \/><\/td>\n\t<\/tr>\n<\/table>\n\n<\/div>\n<\/li><li>\n<label for=\"elm_501addfaa62c7\">Su Email <\/label>\n<input type=\"text\" id=\"elm_501addfaa62c7\" class=\"medium\" name=\"elm_501addfaa62c7\" value=\"@\" validate=\"email:true, required:false\" \/>\n<\/li><li>\n<label for=\"elm_501ade01624da\">Su Mensaje: <\/label>\n<textarea id=\"elm_501ade01624da\" class=\"medium\" name=\"elm_501ade01624da\" validate=\"required:false\" \/><\/textarea>\n<\/li><input type='hidden' name='field_keys' value='a:4:{s:17:\"elm_501addeb7a3b9\";s:17:\"elm_501addeb7a3b9\";s:17:\"elm_501addfe3bbb3\";s:17:\"elm_501addfe3bbb3\";s:17:\"elm_501addfaa62c7\";s:17:\"elm_501addfaa62c7\";s:17:\"elm_501ade01624da\";s:17:\"elm_501ade01624da\";}' \/><input class='submit' type='submit' value='Enviar' \/><input type='reset' value='Limpiar' \/><div class='response'><\/div>\t\t<\/ul>\n\t<\/fieldset>\n\t<input type=\"hidden\" name=\"action\" value=\"wp_forms_submit_form\" \/>\n\t<input type=\"hidden\" name=\"form_id\" value=\"1159\" \/>\n<\/form>\n<\/p>\n<p style=\"text-align: center;\"><strong>D\u00edas y Horarios de atenci\u00f3n al p\u00fablico<\/strong><\/p>\n<p style=\"text-align: center;\">de lunes a viernes de 10hs. a 18hs<\/p>\n<p style=\"text-align: center;\">Jujuy 330- Centro &#8211; (5000) C\u00f3rdoba<\/p>\n<p style=\"text-align: center;\">Tel.\/Fax: (0351) 422-6771<\/p>\n<p style=\"text-align: center;\">E-mail: cpsscordoba@gmail.com<\/p>\n<p>&nbsp;<\/p>\n<p style=\"text-align: center;\"><iframe loading=\"lazy\" style=\"border: 0;\" src=\"https:\/\/www.google.com\/maps\/embed?pb=!1m18!1m12!1m3!1d3405.1373335931157!2d-64.19130538486127!3d-31.410342103102614!2m3!1f0!2f0!3f0!3m2!1i1024!2i768!4f13.1!3m3!1m2!1s0x943298792ce607c5%3A0x1409510e5761b96d!2sJujuy+330%2C+X5022FMH+C%C3%B3rdoba!5e0!3m2!1ses!2sar!4v1489160422432\" width=\"600\" height=\"450\" frameborder=\"0\" allowfullscreen=\"allowfullscreen\"><\/iframe><\/p>\n","protected":false},"excerpt":{"rendered":"<p>D\u00edas y Horarios de atenci\u00f3n al p\u00fablico de lunes a viernes de 10hs. a 18hs Jujuy 330- Centro &#8211; (5000)<\/p>\n","protected":false},"author":1,"featured_media":0,"parent":0,"menu_order":0,"comment_status":"closed","ping_status":"closed","template":"","meta":{"footnotes":""},"_links":{"self":[{"href":"https:\/\/cpsscba.org\/confluenciasvirtual\/index.php?rest_route=\/wp\/v2\/pages\/5259"}],"collection":[{"href":"https:\/\/cpsscba.org\/confluenciasvirtual\/index.php?rest_route=\/wp\/v2\/pages"}],"about":[{"href":"https:\/\/cpsscba.org\/confluenciasvirtual\/index.php?rest_route=\/wp\/v2\/types\/page"}],"author":[{"embeddable":true,"href":"https:\/\/cpsscba.org\/confluenciasvirtual\/index.php?rest_route=\/wp\/v2\/users\/1"}],"replies":[{"embeddable":true,"href":"https:\/\/cpsscba.org\/confluenciasvirtual\/index.php?rest_route=%2Fwp%2Fv2%2Fcomments&post=5259"}],"version-history":[{"count":7,"href":"https:\/\/cpsscba.org\/confluenciasvirtual\/index.php?rest_route=\/wp\/v2\/pages\/5259\/revisions"}],"predecessor-version":[{"id":5290,"href":"https:\/\/cpsscba.org\/confluenciasvirtual\/index.php?rest_route=\/wp\/v2\/pages\/5259\/revisions\/5290"}],"wp:attachment":[{"href":"https:\/\/cpsscba.org\/confluenciasvirtual\/index.php?rest_route=%2Fwp%2Fv2%2Fmedia&parent=5259"}],"curies":[{"name":"wp","href":"https:\/\/api.w.org\/{rel}","templated":true}]}}